{"id":51,"date":"2019-12-27T16:21:33","date_gmt":"2019-12-27T15:21:33","guid":{"rendered":"http:\/\/www.le-tivano.com\/?page_id=51"},"modified":"2023-01-04T00:21:23","modified_gmt":"2023-01-03T23:21:23","slug":"references","status":"publish","type":"page","link":"https:\/\/www.le-tivano.com\/index.php\/references\/","title":{"rendered":"REFERENCES"},"content":{"rendered":"<p>&nbsp;<\/p>\n<h4>\nBateau de croisi\u00e8re LE TIVANO&#8230; Nos r\u00e9f\u00e9rences<\/h4>\n<p>&nbsp;<\/p>\n<ul>\n<li>FRANCE 3 RACINES ET DES AILES \u00ab\u00a0TOURNAGE\u00a0\u00bb<\/li>\n<li>ARESSY ET ASSOCIES<\/li>\n<li>PAROISSE SAINT FRANCOIS XAVIER<\/li>\n<li>INSERM<\/li>\n<li>CDT92<\/li>\n<li>OFFICE DE TOURISME 78<\/li>\n<li>VOIES NAVIGABLES DE FRANCE<\/li>\n<li>DIRECT ENERGIE<\/li>\n<li>LIONS CLUB<\/li>\n<li>TIVERIA ORGANISATION<\/li>\n<li>KRISCOM<\/li>\n<li>SADE TELECOM<\/li>\n<li>PM2S<\/li>\n<li>EIFFEIL GER2S<\/li>\n<li>IRP AURILLAC<\/li>\n<li>CIS POMPIER DES YVELINES<\/li>\n<li>GUIDE INFO SERVICE<\/li>\n<li>CROISIERES MUSICALES DE MA VILLE A VIVRE<\/li>\n<\/ul>\n","protected":false},"excerpt":{"rendered":"<p>&nbsp; Bateau de croisi\u00e8re LE TIVANO&#8230; Nos r\u00e9f\u00e9rences &nbsp; FRANCE 3 RACINES ET DES AILES \u00ab\u00a0TOURNAGE\u00a0\u00bb ARESSY ET ASSOCIES PAROISSE SAINT FRANCOIS XAVIER INSERM CDT92 OFFICE DE TOURISME 78 VOIES [&hellip;]<\/p>\n","protected":false},"author":1,"featured_media":0,"parent":0,"menu_order":0,"comment_status":"closed","ping_status":"closed","template":"","meta":[],"_links":{"self":[{"href":"https:\/\/www.le-tivano.com\/index.php\/wp-json\/wp\/v2\/pages\/51"}],"collection":[{"href":"https:\/\/www.le-tivano.com\/index.php\/wp-json\/wp\/v2\/pages"}],"about":[{"href":"https:\/\/www.le-tivano.com\/index.php\/wp-json\/wp\/v2\/types\/page"}],"author":[{"embeddable":true,"href":"https:\/\/www.le-tivano.com\/index.php\/wp-json\/wp\/v2\/users\/1"}],"replies":[{"embeddable":true,"href":"https:\/\/www.le-tivano.com\/index.php\/wp-json\/wp\/v2\/comments?post=51"}],"version-history":[{"count":6,"href":"https:\/\/www.le-tivano.com\/index.php\/wp-json\/wp\/v2\/pages\/51\/revisions"}],"predecessor-version":[{"id":582,"href":"https:\/\/www.le-tivano.com\/index.php\/wp-json\/wp\/v2\/pages\/51\/revisions\/582"}],"wp:attachment":[{"href":"https:\/\/www.le-tivano.com\/index.php\/wp-json\/wp\/v2\/media?parent=51"}],"curies":[{"name":"wp","href":"https:\/\/api.w.org\/{rel}","templated":true}]}}