{"id":49,"date":"2019-12-27T16:21:11","date_gmt":"2019-12-27T15:21:11","guid":{"rendered":"http:\/\/www.le-tivano.com\/?page_id=49"},"modified":"2023-01-03T23:58:19","modified_gmt":"2023-01-03T22:58:19","slug":"notre-cave","status":"publish","type":"page","link":"https:\/\/www.le-tivano.com\/index.php\/la-carte\/notre-cave\/","title":{"rendered":"Notre cave"},"content":{"rendered":"<p>&nbsp;<\/p>\n<h4 class=\"titre24\">Bateau de croisi\u00e8re LE TIVANO&#8230; la carte : notre cave<\/h4>\n<p class=\"text14\">Prix : nous consulter<\/p>\n<p class=\"text14\">Un s\u00e9minaire \u00e0 organiser ? Une journ\u00e9e d&rsquo;entreprise ? Un mariage en pr\u00e9paration ?<\/p>\n<p>&nbsp;<\/p>\n<p class=\"text14\"><img loading=\"lazy\" class=\"alignnone size-full wp-image-321\" src=\"http:\/\/www.le-tivano.com\/wp-content\/uploads\/2020\/03\/bandeau_carte_cave.jpg\" alt=\"\" width=\"800\" height=\"165\" srcset=\"https:\/\/www.le-tivano.com\/wp-content\/uploads\/2020\/03\/bandeau_carte_cave.jpg 800w, https:\/\/www.le-tivano.com\/wp-content\/uploads\/2020\/03\/bandeau_carte_cave-300x62.jpg 300w, https:\/\/www.le-tivano.com\/wp-content\/uploads\/2020\/03\/bandeau_carte_cave-768x158.jpg 768w\" sizes=\"(max-width: 800px) 100vw, 800px\" \/><\/p>\n<p>&nbsp;<\/p>\n<h6 class=\"text14\">Notre cave &#8211; Pour les menus :<\/h6>\n<p class=\"text14\"><a href=\"http:\/\/www.le-tivano.com\/index.php\/la-carte\/les-menus\/menu-alexandre-iii\/\">Menu Alexandre III<\/a>\u00a0 &#8211;\u00a0 <a href=\"http:\/\/www.le-tivano.com\/index.php\/la-carte\/les-menus\/menu-alma\/\">Menu Alma<\/a>\u00a0 &#8211;\u00a0\u00a0<a href=\"http:\/\/www.le-tivano.com\/index.php\/la-carte\/les-menus\/menu-carrousel\/\">Menu Carrousel<\/a>\u00a0 &#8211; \u00a0<a href=\"http:\/\/www.le-tivano.com\/index.php\/la-carte\/les-menus\/menu-royal\/\">Menu Royal<\/a><\/p>\n<ul>\n<li class=\"text14\">Blanc Muscadet (1 bouteille pour 3)<\/li>\n<li class=\"text14\">Bordeaux \u00ab Les Terres Douces \u00bb (1 bouteille pour 3)<\/li>\n<li class=\"text14\">Eaux plate et gazeuse<\/li>\n<li class=\"text14\">Perrier, Coca Cola et Jus de Fruits<\/li>\n<\/ul>\n<p class=\"text14\"><a href=\"http:\/\/www.le-tivano.com\/index.php\/la-carte\/les-menus\/menu-mirabeau\/\">Menu Mirabeau<\/a> \u00a0&#8211;\u00a0 <a href=\"http:\/\/www.le-tivano.com\/index.php\/la-carte\/les-menus\/menu-pont-neuf\/\">Menu Pont Neuf<\/a><\/p>\n<ul>\n<li class=\"text14\">Bourgogne aligot\u00e9 (1 bouteille pour 3)<\/li>\n<li class=\"text14\">Bordeaux \u00ab Les Terres Douces \u00bb (1 bouteille pour 3)<\/li>\n<li class=\"text14\">Eaux plate et gazeuse<\/li>\n<li class=\"text14\">Perrier, Coca Cola et Jus de Fruits<\/li>\n<\/ul>\n<p class=\"text14\"><strong>Champagne Berjot et fils<\/strong> : 30 \u20ac HT la bouteille (facturation \u00e0 la consommation)<\/p>\n<p>&nbsp;<\/p>\n<p>&nbsp;<\/p>\n<h6 class=\"text14\">Notre cave &#8211; Pour les cocktails :<\/h6>\n<p class=\"text14\"><a href=\"http:\/\/www.le-tivano.com\/index.php\/la-carte\/cocktails\/\">Cocktail 18 ou 25 pi\u00e8ces<\/a><\/p>\n<ul>\n<li class=\"text14\">Bordeaux \u00ab Les Terres Douces \u00bb (1 bouteille pour 3)<\/li>\n<li class=\"text14\">Eaux plate et gazeuse<\/li>\n<li class=\"text14\">Perrier, Coca Cola et Jus de Fruits<\/li>\n<\/ul>\n<p class=\"text14\"><strong>Champagne Berjot et fils<\/strong> : 30 \u20ac HT la bouteille (facturation \u00e0 la consommation)<\/p>\n","protected":false},"excerpt":{"rendered":"<p>&nbsp; Bateau de croisi\u00e8re LE TIVANO&#8230; la carte : notre cave Prix : nous consulter Un s\u00e9minaire \u00e0 organiser ? Une journ\u00e9e d&rsquo;entreprise ? Un mariage en pr\u00e9paration ? &nbsp; [&hellip;]<\/p>\n","protected":false},"author":1,"featured_media":567,"parent":41,"menu_order":0,"comment_status":"closed","ping_status":"closed","template":"","meta":[],"_links":{"self":[{"href":"https:\/\/www.le-tivano.com\/index.php\/wp-json\/wp\/v2\/pages\/49"}],"collection":[{"href":"https:\/\/www.le-tivano.com\/index.php\/wp-json\/wp\/v2\/pages"}],"about":[{"href":"https:\/\/www.le-tivano.com\/index.php\/wp-json\/wp\/v2\/types\/page"}],"author":[{"embeddable":true,"href":"https:\/\/www.le-tivano.com\/index.php\/wp-json\/wp\/v2\/users\/1"}],"replies":[{"embeddable":true,"href":"https:\/\/www.le-tivano.com\/index.php\/wp-json\/wp\/v2\/comments?post=49"}],"version-history":[{"count":6,"href":"https:\/\/www.le-tivano.com\/index.php\/wp-json\/wp\/v2\/pages\/49\/revisions"}],"predecessor-version":[{"id":575,"href":"https:\/\/www.le-tivano.com\/index.php\/wp-json\/wp\/v2\/pages\/49\/revisions\/575"}],"up":[{"embeddable":true,"href":"https:\/\/www.le-tivano.com\/index.php\/wp-json\/wp\/v2\/pages\/41"}],"wp:featuredmedia":[{"embeddable":true,"href":"https:\/\/www.le-tivano.com\/index.php\/wp-json\/wp\/v2\/media\/567"}],"wp:attachment":[{"href":"https:\/\/www.le-tivano.com\/index.php\/wp-json\/wp\/v2\/media?parent=49"}],"curies":[{"name":"wp","href":"https:\/\/api.w.org\/{rel}","templated":true}]}}