{"id":45,"date":"2019-12-27T16:19:43","date_gmt":"2019-12-27T15:19:43","guid":{"rendered":"http:\/\/www.le-tivano.com\/?page_id=45"},"modified":"2023-01-03T23:57:06","modified_gmt":"2023-01-03T22:57:06","slug":"les-menus","status":"publish","type":"page","link":"https:\/\/www.le-tivano.com\/index.php\/la-carte\/les-menus\/","title":{"rendered":"Les menus"},"content":{"rendered":"<p>&nbsp;<\/p>\n<h4 class=\"titre24\">Bateau de croisi\u00e8re LE TIVANO&#8230; la carte : les menus<\/h4>\n<p class=\"text14\">Prix : nous consulter<\/p>\n<p class=\"text14\">Un s\u00e9minaire \u00e0 organiser ? Une journ\u00e9e d&rsquo;entreprise ? Un mariage en pr\u00e9paration ?<\/p>\n<p>&nbsp;<\/p>\n<p><img loading=\"lazy\" class=\"alignnone size-full wp-image-323\" src=\"http:\/\/www.le-tivano.com\/wp-content\/uploads\/2020\/03\/bandeau_carte_menu.jpg\" alt=\"\" width=\"800\" height=\"165\" srcset=\"https:\/\/www.le-tivano.com\/wp-content\/uploads\/2020\/03\/bandeau_carte_menu.jpg 800w, https:\/\/www.le-tivano.com\/wp-content\/uploads\/2020\/03\/bandeau_carte_menu-300x62.jpg 300w, https:\/\/www.le-tivano.com\/wp-content\/uploads\/2020\/03\/bandeau_carte_menu-768x158.jpg 768w\" sizes=\"(max-width: 800px) 100vw, 800px\" \/><\/p>\n<p>&nbsp;<\/p>\n<p class=\"text14\"><strong>6 menus :<\/strong><\/p>\n<ul>\n<li class=\"text14\"><a href=\"http:\/\/www.le-tivano.com\/index.php\/la-carte\/les-menus\/menu-carrousel\/\">Menu Carrousel<\/a><\/li>\n<li class=\"text14\"><a href=\"http:\/\/www.le-tivano.com\/index.php\/la-carte\/les-menus\/menu-royal\/\">Menu Royal<\/a><\/li>\n<li class=\"text14\"><a href=\"http:\/\/www.le-tivano.com\/index.php\/la-carte\/les-menus\/menu-alma\/\">Menu Alma<\/a><\/li>\n<li class=\"text14\"><a href=\"http:\/\/www.le-tivano.com\/index.php\/la-carte\/les-menus\/menu-alexandre-iii\/\">Menu Alexandre III<\/a><\/li>\n<li class=\"text14\"><a href=\"http:\/\/www.le-tivano.com\/index.php\/la-carte\/les-menus\/menu-mirabeau\/\">Menu Mirabeau<\/a><\/li>\n<li class=\"text14\"><a href=\"http:\/\/www.le-tivano.com\/index.php\/la-carte\/les-menus\/menu-pont-neuf\/\">Menu Pont Neuf<\/a><\/li>\n<\/ul>\n<p>&nbsp;<\/p>\n<p class=\"text14\"><strong>Inclus dans nos tarifs <\/strong><\/p>\n<ul>\n<li class=\"text14\">Nappage blanc et serviette en tissu<\/li>\n<li class=\"text14\">Vaisselle porcelaine blanche<\/li>\n<li class=\"text14\">Verrerie El\u00e9gance<\/li>\n<li class=\"text14\">Coutellerie inox<\/li>\n<li class=\"text14\">Mat\u00e9riel de mise en chauffe<\/li>\n<li class=\"text14\">Transport en camion frigorifique<\/li>\n<li class=\"text14\">Glace \u00e0 rafraichir<\/li>\n<\/ul>\n<p>&nbsp;<\/p>\n<p class=\"text14\"><strong>Personnel : <\/strong><\/p>\n<p>1 ma\u00eetre d\u2019h\u00f4tel (pour 25 convives) pr\u00e9sent pour 7h de vacation, incluant :<\/p>\n<ul>\n<li>la mise en place<\/li>\n<li>le service<\/li>\n<li>la remise en \u00e9tat du lieu de r\u00e9ception.<\/li>\n<\/ul>\n","protected":false},"excerpt":{"rendered":"<p>&nbsp; Bateau de croisi\u00e8re LE TIVANO&#8230; la carte : les menus Prix : nous consulter Un s\u00e9minaire \u00e0 organiser ? Une journ\u00e9e d&rsquo;entreprise ? Un mariage en pr\u00e9paration ? &nbsp; [&hellip;]<\/p>\n","protected":false},"author":1,"featured_media":569,"parent":41,"menu_order":0,"comment_status":"closed","ping_status":"closed","template":"","meta":[],"_links":{"self":[{"href":"https:\/\/www.le-tivano.com\/index.php\/wp-json\/wp\/v2\/pages\/45"}],"collection":[{"href":"https:\/\/www.le-tivano.com\/index.php\/wp-json\/wp\/v2\/pages"}],"about":[{"href":"https:\/\/www.le-tivano.com\/index.php\/wp-json\/wp\/v2\/types\/page"}],"author":[{"embeddable":true,"href":"https:\/\/www.le-tivano.com\/index.php\/wp-json\/wp\/v2\/users\/1"}],"replies":[{"embeddable":true,"href":"https:\/\/www.le-tivano.com\/index.php\/wp-json\/wp\/v2\/comments?post=45"}],"version-history":[{"count":9,"href":"https:\/\/www.le-tivano.com\/index.php\/wp-json\/wp\/v2\/pages\/45\/revisions"}],"predecessor-version":[{"id":573,"href":"https:\/\/www.le-tivano.com\/index.php\/wp-json\/wp\/v2\/pages\/45\/revisions\/573"}],"up":[{"embeddable":true,"href":"https:\/\/www.le-tivano.com\/index.php\/wp-json\/wp\/v2\/pages\/41"}],"wp:featuredmedia":[{"embeddable":true,"href":"https:\/\/www.le-tivano.com\/index.php\/wp-json\/wp\/v2\/media\/569"}],"wp:attachment":[{"href":"https:\/\/www.le-tivano.com\/index.php\/wp-json\/wp\/v2\/media?parent=45"}],"curies":[{"name":"wp","href":"https:\/\/api.w.org\/{rel}","templated":true}]}}