{"id":43,"date":"2019-12-27T16:19:17","date_gmt":"2019-12-27T15:19:17","guid":{"rendered":"http:\/\/www.le-tivano.com\/?page_id=43"},"modified":"2023-01-03T23:59:11","modified_gmt":"2023-01-03T22:59:11","slug":"petit-dejeuner","status":"publish","type":"page","link":"https:\/\/www.le-tivano.com\/index.php\/la-carte\/petit-dejeuner\/","title":{"rendered":"Petit d\u00e9jeuner"},"content":{"rendered":"<p>&nbsp;<\/p>\n<h4 class=\"titre24\">Bateau de croisi\u00e8re LE TIVANO&#8230; la carte : petit d\u00e9jeuner<\/h4>\n<p class=\"text14\">Prix : nous consulter<\/p>\n<p class=\"text14\">Un s\u00e9minaire \u00e0 organiser ? Une journ\u00e9e d&rsquo;entreprise ? Un mariage en pr\u00e9paration ?<\/p>\n<p>&nbsp;<\/p>\n<p><img loading=\"lazy\" class=\"alignnone size-full wp-image-330\" src=\"http:\/\/www.le-tivano.com\/wp-content\/uploads\/2020\/03\/bandeau_carte_pt-dejeuner.jpg\" alt=\"\" width=\"800\" height=\"165\" srcset=\"https:\/\/www.le-tivano.com\/wp-content\/uploads\/2020\/03\/bandeau_carte_pt-dejeuner.jpg 800w, https:\/\/www.le-tivano.com\/wp-content\/uploads\/2020\/03\/bandeau_carte_pt-dejeuner-300x62.jpg 300w, https:\/\/www.le-tivano.com\/wp-content\/uploads\/2020\/03\/bandeau_carte_pt-dejeuner-768x158.jpg 768w\" sizes=\"(max-width: 800px) 100vw, 800px\" \/><\/p>\n<p>&nbsp;<\/p>\n<p class=\"text14\"><strong>Accueil des convives \u00e0 9h00 <\/strong><\/p>\n<ul>\n<li class=\"text14\">Caf\u00e9, th\u00e9<\/li>\n<li class=\"text14\">Jus de fruits<\/li>\n<li class=\"text14\">3 mini viennoiseries par personne (assortiment) &#8211; <em>Chouquette \/ Mini pain au Chocolat \/ Mini Pain aux Raisins<\/em><\/li>\n<li class=\"text14\">P\u00e8le m\u00eale de fruits sur pics<\/li>\n<\/ul>\n<p>&nbsp;<\/p>\n<p class=\"text14\"><strong>Inclus dans nos tarifs <\/strong><\/p>\n<ul>\n<li class=\"text14\">Nappage noir et sur nappage couleur rouge<\/li>\n<li class=\"text14\">D\u00e9coration de buffet en harmonie avec le nappage<\/li>\n<li class=\"text14\">Table de buffet sur place<\/li>\n<li class=\"text14\">Vaisselle, verrerie<\/li>\n<li class=\"text14\">Glace \u00e0 rafraichir<\/li>\n<li class=\"text14\">Transport en camion frigorifique<\/li>\n<\/ul>\n<p>&nbsp;<\/p>\n<p class=\"text14\"><strong>Personnel <\/strong><\/p>\n<p class=\"text14\">Une personne de service en fonction du nombre de personnes pr\u00e9sentes au repas du midi.<br \/>\nDe 7h30 \u00e0 10h30 soit une vacation de 3h00 incluant la mise en place, le service et la remise en \u00e9tat du lieu de r\u00e9ception.<\/p>\n","protected":false},"excerpt":{"rendered":"<p>&nbsp; Bateau de croisi\u00e8re LE TIVANO&#8230; la carte : petit d\u00e9jeuner Prix : nous consulter Un s\u00e9minaire \u00e0 organiser ? Une journ\u00e9e d&rsquo;entreprise ? Un mariage en pr\u00e9paration ? &nbsp; [&hellip;]<\/p>\n","protected":false},"author":1,"featured_media":571,"parent":41,"menu_order":0,"comment_status":"closed","ping_status":"closed","template":"","meta":[],"_links":{"self":[{"href":"https:\/\/www.le-tivano.com\/index.php\/wp-json\/wp\/v2\/pages\/43"}],"collection":[{"href":"https:\/\/www.le-tivano.com\/index.php\/wp-json\/wp\/v2\/pages"}],"about":[{"href":"https:\/\/www.le-tivano.com\/index.php\/wp-json\/wp\/v2\/types\/page"}],"author":[{"embeddable":true,"href":"https:\/\/www.le-tivano.com\/index.php\/wp-json\/wp\/v2\/users\/1"}],"replies":[{"embeddable":true,"href":"https:\/\/www.le-tivano.com\/index.php\/wp-json\/wp\/v2\/comments?post=43"}],"version-history":[{"count":7,"href":"https:\/\/www.le-tivano.com\/index.php\/wp-json\/wp\/v2\/pages\/43\/revisions"}],"predecessor-version":[{"id":576,"href":"https:\/\/www.le-tivano.com\/index.php\/wp-json\/wp\/v2\/pages\/43\/revisions\/576"}],"up":[{"embeddable":true,"href":"https:\/\/www.le-tivano.com\/index.php\/wp-json\/wp\/v2\/pages\/41"}],"wp:featuredmedia":[{"embeddable":true,"href":"https:\/\/www.le-tivano.com\/index.php\/wp-json\/wp\/v2\/media\/571"}],"wp:attachment":[{"href":"https:\/\/www.le-tivano.com\/index.php\/wp-json\/wp\/v2\/media?parent=43"}],"curies":[{"name":"wp","href":"https:\/\/api.w.org\/{rel}","templated":true}]}}