{"id":39,"date":"2019-12-27T16:18:20","date_gmt":"2019-12-27T15:18:20","guid":{"rendered":"http:\/\/www.le-tivano.com\/?page_id=39"},"modified":"2023-01-04T00:20:25","modified_gmt":"2023-01-03T23:20:25","slug":"animations-artistiques","status":"publish","type":"page","link":"https:\/\/www.le-tivano.com\/index.php\/prestations\/animations-artistiques\/","title":{"rendered":"Animations artistiques"},"content":{"rendered":"<p>&nbsp;<\/p>\n<h4><\/h4>\n<h4>Bateau de croisi\u00e8re LE TIVANO&#8230; nos prestations : animations<\/h4>\n<p>Prix : nous consulter<\/p>\n<p>Un s\u00e9minaire \u00e0 organiser ? Une journ\u00e9e d&rsquo;entreprise ? Un mariage en pr\u00e9paration ?<\/p>\n<p>&nbsp;<\/p>\n<p class=\"text14\"><strong>Animations<\/strong><\/p>\n<p class=\"text14\">Disc-Jockey &#8211; Orchestre<\/p>\n<p>Jazz &#8211; Antillais &#8211; Br\u00e9silien &#8211; Guinguette &#8211; Flamenco<\/p>\n<p>&nbsp;<\/p>\n<p class=\"text14\"><strong>Soir\u00e9e<\/strong><\/p>\n<p>Casino spectacle &#8211; Ann\u00e9e 80&prime; &#8211; Karaok\u00e9<\/p>\n","protected":false},"excerpt":{"rendered":"<p>&nbsp; Bateau de croisi\u00e8re LE TIVANO&#8230; nos prestations : animations Prix : nous consulter Un s\u00e9minaire \u00e0 organiser ? Une journ\u00e9e d&rsquo;entreprise ? Un mariage en pr\u00e9paration ? &nbsp; Animations [&hellip;]<\/p>\n","protected":false},"author":1,"featured_media":0,"parent":33,"menu_order":0,"comment_status":"closed","ping_status":"closed","template":"","meta":[],"_links":{"self":[{"href":"https:\/\/www.le-tivano.com\/index.php\/wp-json\/wp\/v2\/pages\/39"}],"collection":[{"href":"https:\/\/www.le-tivano.com\/index.php\/wp-json\/wp\/v2\/pages"}],"about":[{"href":"https:\/\/www.le-tivano.com\/index.php\/wp-json\/wp\/v2\/types\/page"}],"author":[{"embeddable":true,"href":"https:\/\/www.le-tivano.com\/index.php\/wp-json\/wp\/v2\/users\/1"}],"replies":[{"embeddable":true,"href":"https:\/\/www.le-tivano.com\/index.php\/wp-json\/wp\/v2\/comments?post=39"}],"version-history":[{"count":5,"href":"https:\/\/www.le-tivano.com\/index.php\/wp-json\/wp\/v2\/pages\/39\/revisions"}],"predecessor-version":[{"id":579,"href":"https:\/\/www.le-tivano.com\/index.php\/wp-json\/wp\/v2\/pages\/39\/revisions\/579"}],"up":[{"embeddable":true,"href":"https:\/\/www.le-tivano.com\/index.php\/wp-json\/wp\/v2\/pages\/33"}],"wp:attachment":[{"href":"https:\/\/www.le-tivano.com\/index.php\/wp-json\/wp\/v2\/media?parent=39"}],"curies":[{"name":"wp","href":"https:\/\/api.w.org\/{rel}","templated":true}]}}