{"id":37,"date":"2019-12-27T16:17:51","date_gmt":"2019-12-27T15:17:51","guid":{"rendered":"http:\/\/www.le-tivano.com\/?page_id=37"},"modified":"2023-01-04T00:21:03","modified_gmt":"2023-01-03T23:21:03","slug":"soiree-evenementielle","status":"publish","type":"page","link":"https:\/\/www.le-tivano.com\/index.php\/prestations\/soiree-evenementielle\/","title":{"rendered":"Soir\u00e9e \u00e9v\u00e9nementielle"},"content":{"rendered":"<p>&nbsp;<\/p>\n<h4 class=\"titre24\">Bateau de croisi\u00e8re LE TIVANO&#8230; nos prestations : \u00e9v\u00e9nements<\/h4>\n<p>&nbsp;<\/p>\n<p class=\"text14\"><strong>MARIAGE \u00e0 BORD DU MISTRAL<\/strong><\/p>\n<p class=\"text14\">Venez f\u00eater votre mariage sur le bateau \u00ab\u00a0LE TIVANO\u00a0\u00bb, nous vous organisons une prestation tout compris. Alors laissez-vous s\u00e9duire par une croisi\u00e8re sur la Seine ou sur l&rsquo;Oise,, vous passerez un moment inoubliable.<\/p>\n<p>&nbsp;<\/p>\n<p class=\"text14\"><strong>SOIREE PARISIENNE<\/strong><\/p>\n<p class=\"text14\">Louez notre bateau pour une soir\u00e9e priv\u00e9e, nous am\u00e9nageons votre lieu comme vous le souhaitez, avec une d\u00e9coration et un mobilier original sur notre pont sup\u00e9rieur.<\/p>\n<p>&nbsp;<\/p>\n<p class=\"text14\"><strong>ORGANISER UNE SOIREE D&rsquo;ENTREPRISE<\/strong><\/p>\n<p class=\"text14\">Nous vous proposons d&rsquo;organiser vos s\u00e9minaires ou soir\u00e9es de fin d&rsquo;ann\u00e9e sur notre bateau avec animation \u00e0 votre choix.<\/p>\n","protected":false},"excerpt":{"rendered":"<p>&nbsp; Bateau de croisi\u00e8re LE TIVANO&#8230; nos prestations : \u00e9v\u00e9nements &nbsp; MARIAGE \u00e0 BORD DU MISTRAL Venez f\u00eater votre mariage sur le bateau \u00ab\u00a0LE TIVANO\u00a0\u00bb, nous vous organisons une prestation [&hellip;]<\/p>\n","protected":false},"author":1,"featured_media":0,"parent":33,"menu_order":0,"comment_status":"closed","ping_status":"closed","template":"","meta":[],"_links":{"self":[{"href":"https:\/\/www.le-tivano.com\/index.php\/wp-json\/wp\/v2\/pages\/37"}],"collection":[{"href":"https:\/\/www.le-tivano.com\/index.php\/wp-json\/wp\/v2\/pages"}],"about":[{"href":"https:\/\/www.le-tivano.com\/index.php\/wp-json\/wp\/v2\/types\/page"}],"author":[{"embeddable":true,"href":"https:\/\/www.le-tivano.com\/index.php\/wp-json\/wp\/v2\/users\/1"}],"replies":[{"embeddable":true,"href":"https:\/\/www.le-tivano.com\/index.php\/wp-json\/wp\/v2\/comments?post=37"}],"version-history":[{"count":7,"href":"https:\/\/www.le-tivano.com\/index.php\/wp-json\/wp\/v2\/pages\/37\/revisions"}],"predecessor-version":[{"id":581,"href":"https:\/\/www.le-tivano.com\/index.php\/wp-json\/wp\/v2\/pages\/37\/revisions\/581"}],"up":[{"embeddable":true,"href":"https:\/\/www.le-tivano.com\/index.php\/wp-json\/wp\/v2\/pages\/33"}],"wp:attachment":[{"href":"https:\/\/www.le-tivano.com\/index.php\/wp-json\/wp\/v2\/media?parent=37"}],"curies":[{"name":"wp","href":"https:\/\/api.w.org\/{rel}","templated":true}]}}