{"id":35,"date":"2019-12-27T16:17:16","date_gmt":"2019-12-27T15:17:16","guid":{"rendered":"http:\/\/www.le-tivano.com\/?page_id=35"},"modified":"2023-01-04T00:20:41","modified_gmt":"2023-01-03T23:20:41","slug":"soiree-a-theme","status":"publish","type":"page","link":"https:\/\/www.le-tivano.com\/index.php\/prestations\/soiree-a-theme\/","title":{"rendered":"Soir\u00e9e \u00e0 th\u00e8me"},"content":{"rendered":"<p>&nbsp;<\/p>\n<h4>Bateau de croisi\u00e8re LE TIVANO&#8230; D\u00eeners croisi\u00e8res \u00e0 Paris<\/h4>\n<p>&nbsp;<\/p>\n<p class=\"text14\"><strong>DOUCEUR DE SEINE de 20h00 \u00e0 23H00 avec 3h00 de croisi\u00e8re<br \/>\n<\/strong><\/p>\n<p>&nbsp;<\/p>\n<p class=\"text14\">1 coupe de Champagne<\/p>\n<p class=\"text14\">Feuillet\u00e9s chauds<\/p>\n<p class=\"text14\">Assiette de saumon fum\u00e9 avec ses toasts<\/p>\n<p class=\"text14\">Cuisse de poulet fermier farcie au foie gras avec gratin dauphinois et tomate<\/p>\n<p class=\"text14\">Assiette de fromages et sa salade mara\u00eech\u00e8re<\/p>\n<p class=\"text14\">Tarte Tatin ti\u00e8de et sa boule de glace vanille<\/p>\n<p class=\"text14\">Caf\u00e9<\/p>\n<p class=\"text14\">Vins \u00e0 discr\u00e9tion (Blanc Muscadet &#8211; Rouge Merlot &#8211; Eau min\u00e9rale)<\/p>\n<p>&nbsp;<\/p>\n<p class=\"text14\"><strong>140\u20ac par personne<\/strong> &#8211; Offre valable pour un minimum de 30 personnes<\/p>\n<p class=\"text14\"><strong>R\u00e9servation obligatoire<\/strong> : 06.62.80.05.13 &#8211; <strong>Embarquement<\/strong> : Grenelle<\/p>\n","protected":false},"excerpt":{"rendered":"<p>&nbsp; Bateau de croisi\u00e8re LE TIVANO&#8230; D\u00eeners croisi\u00e8res \u00e0 Paris &nbsp; DOUCEUR DE SEINE de 20h00 \u00e0 23H00 avec 3h00 de croisi\u00e8re &nbsp; 1 coupe de Champagne Feuillet\u00e9s chauds Assiette [&hellip;]<\/p>\n","protected":false},"author":1,"featured_media":0,"parent":33,"menu_order":0,"comment_status":"closed","ping_status":"closed","template":"","meta":[],"_links":{"self":[{"href":"https:\/\/www.le-tivano.com\/index.php\/wp-json\/wp\/v2\/pages\/35"}],"collection":[{"href":"https:\/\/www.le-tivano.com\/index.php\/wp-json\/wp\/v2\/pages"}],"about":[{"href":"https:\/\/www.le-tivano.com\/index.php\/wp-json\/wp\/v2\/types\/page"}],"author":[{"embeddable":true,"href":"https:\/\/www.le-tivano.com\/index.php\/wp-json\/wp\/v2\/users\/1"}],"replies":[{"embeddable":true,"href":"https:\/\/www.le-tivano.com\/index.php\/wp-json\/wp\/v2\/comments?post=35"}],"version-history":[{"count":7,"href":"https:\/\/www.le-tivano.com\/index.php\/wp-json\/wp\/v2\/pages\/35\/revisions"}],"predecessor-version":[{"id":580,"href":"https:\/\/www.le-tivano.com\/index.php\/wp-json\/wp\/v2\/pages\/35\/revisions\/580"}],"up":[{"embeddable":true,"href":"https:\/\/www.le-tivano.com\/index.php\/wp-json\/wp\/v2\/pages\/33"}],"wp:attachment":[{"href":"https:\/\/www.le-tivano.com\/index.php\/wp-json\/wp\/v2\/media?parent=35"}],"curies":[{"name":"wp","href":"https:\/\/api.w.org\/{rel}","templated":true}]}}