{"id":345,"date":"2020-03-13T01:36:57","date_gmt":"2020-03-13T00:36:57","guid":{"rendered":"http:\/\/www.le-tivano.com\/?page_id=345"},"modified":"2020-03-15T05:41:33","modified_gmt":"2020-03-15T04:41:33","slug":"menu-mirabeau","status":"publish","type":"page","link":"https:\/\/www.le-tivano.com\/index.php\/la-carte\/les-menus\/menu-mirabeau\/","title":{"rendered":"Menu Mirabeau"},"content":{"rendered":"<p>[metaslider id=86]<\/p>\n<p>&nbsp;<\/p>\n<h4 class=\"titre24\">Bateau de croisi\u00e8re LE TIVANO&#8230; la carte : le menu Mirabeau<\/h4>\n<p class=\"text14\">Prix : nous consulter<\/p>\n<p class=\"text14\">Un s\u00e9minaire \u00e0 organiser ? Une journ\u00e9e d&rsquo;entreprise ? Un mariage en pr\u00e9paration ?<\/p>\n<p>&nbsp;<\/p>\n<p><img loading=\"lazy\" class=\"alignnone size-full wp-image-327\" src=\"http:\/\/www.le-tivano.com\/wp-content\/uploads\/2020\/03\/bandeau_carte_menu-mirabeau.jpg\" alt=\"\" width=\"800\" height=\"165\" srcset=\"https:\/\/www.le-tivano.com\/wp-content\/uploads\/2020\/03\/bandeau_carte_menu-mirabeau.jpg 800w, https:\/\/www.le-tivano.com\/wp-content\/uploads\/2020\/03\/bandeau_carte_menu-mirabeau-300x62.jpg 300w, https:\/\/www.le-tivano.com\/wp-content\/uploads\/2020\/03\/bandeau_carte_menu-mirabeau-768x158.jpg 768w\" sizes=\"(max-width: 800px) 100vw, 800px\" \/><\/p>\n<p>&nbsp;<\/p>\n<p class=\"text14\"><strong>Ap\u00e9ritif<\/strong> (forfait pendant 1 heure)<strong> :<\/strong><\/p>\n<ul>\n<li class=\"text14\">Kir cassis p\u00e9tillant, Whisky, Gin, Vodka<\/li>\n<li class=\"text14\">4 canap\u00e9s et 2 cuill\u00e8res froides par personne<\/li>\n<\/ul>\n<p class=\"text14\"><strong>Entr\u00e9e :<\/strong><\/p>\n<ul>\n<li class=\"text14\">Duo de foie gras <em>(mi- cuit et au vinaigre de framboise chaud)<\/em><\/li>\n<li class=\"text14\">Dos de cabillaud au pain d\u2019\u00e9pices<\/li>\n<li class=\"text14\">Assiette terre et mer <em>(foie gras, saumon fum\u00e9 et verrine de guacamole aux crevettes)<\/em><\/li>\n<li class=\"text14\">Supr\u00eame de turbot au beurre de Sancerre blanc et sa mousseline de Saint-Jacques<\/li>\n<\/ul>\n<p class=\"text14\"><strong>Plat<\/strong> <strong>:<\/strong><\/p>\n<ul>\n<li class=\"text14\">Tournedos Rossini, brochette de l\u00e9gumes et gratin de pommes de terre<\/li>\n<li class=\"text14\">Filet mignon de veau aux morilles, fondant de pommes de terre aux amandes et carotte, asperge<\/li>\n<li class=\"text14\">R\u00f4ti de canard au foie gras, brochette de l\u00e9gumes et pur\u00e9e de pommes de terre<\/li>\n<li class=\"text14\">Canard \u00e0 la Rouennaise, pur\u00e9e de c\u00e9leri et pomme fruit gel\u00e9e de groseille (sup 4.00 \u20ac)<\/li>\n<\/ul>\n<p class=\"text14\"><strong>Fromage :<\/strong><\/p>\n<ul>\n<li class=\"text14\">Salade mara\u00eech\u00e8re et sa brochette de Camembert, Livarot et Pont L\u2019Ev\u00eaque<\/li>\n<\/ul>\n<p class=\"text14\"><strong>Dessert :<\/strong><\/p>\n<ul>\n<li class=\"text14\">Le C, la cr\u00e9ation chocolat\u00e9e de Coudray Traiteur<\/li>\n<li class=\"text14\">D\u00e9clinaison autour du chocolat noir<\/li>\n<li class=\"text14\">Assiette gourmande aux saveurs des \u00eeles <em><span class=\"text12\">(cannelloni d\u2019ananas, f\u00e8ves de tonka et citron vert, bonbon glac\u00e9e, macarons cannelle et mangue)<\/span><\/em><\/li>\n<li class=\"text14\">Vacherin \u00e0 la praline rose<\/li>\n<\/ul>\n<p class=\"text14\"><strong>Boissons et pain :<\/strong><\/p>\n<ul>\n<li class=\"text14\">Petit pain et baguette<\/li>\n<li class=\"text14\">Caf\u00e9<\/li>\n<li class=\"text14\">Boissons (<a href=\"http:\/\/www.le-tivano.com\/index.php\/la-carte\/notre-cave\/\">voir la carte des vins<\/a>)<\/li>\n<\/ul>\n<p>&nbsp;<\/p>\n<p class=\"text12\" align=\"left\"><strong>voir le 5 autres menus :<\/strong> <a href=\"http:\/\/www.le-tivano.com\/index.php\/la-carte\/les-menus\/menu-alexandre-iii\/\">Menu Alexandre III<\/a> &#8211; <a href=\"http:\/\/www.le-tivano.com\/index.php\/la-carte\/les-menus\/menu-alma\/\">Menu Alma<\/a> &#8211; <a href=\"http:\/\/www.le-tivano.com\/index.php\/la-carte\/les-menus\/menu-carrousel\/\">Menu Carrousel<\/a>\u00a0&#8211; <a href=\"http:\/\/www.le-tivano.com\/index.php\/la-carte\/les-menus\/menu-pont-neuf\/\">Menu Pont Neuf<\/a> &#8211; <a href=\"http:\/\/www.le-tivano.com\/index.php\/la-carte\/les-menus\/menu-royal\/\">Menu Royal<\/a><\/p>\n","protected":false},"excerpt":{"rendered":"<p>[metaslider id=86] &nbsp; Bateau de croisi\u00e8re LE TIVANO&#8230; la carte : le menu Mirabeau Prix : nous consulter Un s\u00e9minaire \u00e0 organiser ? Une journ\u00e9e d&rsquo;entreprise ? Un mariage en [&hellip;]<\/p>\n","protected":false},"author":1,"featured_media":0,"parent":45,"menu_order":0,"comment_status":"closed","ping_status":"closed","template":"","meta":[],"_links":{"self":[{"href":"https:\/\/www.le-tivano.com\/index.php\/wp-json\/wp\/v2\/pages\/345"}],"collection":[{"href":"https:\/\/www.le-tivano.com\/index.php\/wp-json\/wp\/v2\/pages"}],"about":[{"href":"https:\/\/www.le-tivano.com\/index.php\/wp-json\/wp\/v2\/types\/page"}],"author":[{"embeddable":true,"href":"https:\/\/www.le-tivano.com\/index.php\/wp-json\/wp\/v2\/users\/1"}],"replies":[{"embeddable":true,"href":"https:\/\/www.le-tivano.com\/index.php\/wp-json\/wp\/v2\/comments?post=345"}],"version-history":[{"count":4,"href":"https:\/\/www.le-tivano.com\/index.php\/wp-json\/wp\/v2\/pages\/345\/revisions"}],"predecessor-version":[{"id":492,"href":"https:\/\/www.le-tivano.com\/index.php\/wp-json\/wp\/v2\/pages\/345\/revisions\/492"}],"up":[{"embeddable":true,"href":"https:\/\/www.le-tivano.com\/index.php\/wp-json\/wp\/v2\/pages\/45"}],"wp:attachment":[{"href":"https:\/\/www.le-tivano.com\/index.php\/wp-json\/wp\/v2\/media?parent=345"}],"curies":[{"name":"wp","href":"https:\/\/api.w.org\/{rel}","templated":true}]}}