{"id":341,"date":"2020-03-13T01:35:52","date_gmt":"2020-03-13T00:35:52","guid":{"rendered":"http:\/\/www.le-tivano.com\/?page_id=341"},"modified":"2020-03-15T05:36:55","modified_gmt":"2020-03-15T04:36:55","slug":"menu-alma","status":"publish","type":"page","link":"https:\/\/www.le-tivano.com\/index.php\/la-carte\/les-menus\/menu-alma\/","title":{"rendered":"Menu Alma"},"content":{"rendered":"<p>[metaslider id=86]<\/p>\n<p>&nbsp;<\/p>\n<h4 class=\"titre24\">Bateau de croisi\u00e8re LE TIVANO&#8230; la carte : le menu Alma<\/h4>\n<p class=\"text14\">Prix : nous consulter<\/p>\n<p class=\"text14\">Un s\u00e9minaire \u00e0 organiser ? Une journ\u00e9e d&rsquo;entreprise ? Un mariage en pr\u00e9paration ?<\/p>\n<p>&nbsp;<\/p>\n<p><img loading=\"lazy\" class=\"alignnone size-full wp-image-325\" src=\"http:\/\/www.le-tivano.com\/wp-content\/uploads\/2020\/03\/bandeau_carte_menu-alma.jpg\" alt=\"\" width=\"800\" height=\"165\" srcset=\"https:\/\/www.le-tivano.com\/wp-content\/uploads\/2020\/03\/bandeau_carte_menu-alma.jpg 800w, https:\/\/www.le-tivano.com\/wp-content\/uploads\/2020\/03\/bandeau_carte_menu-alma-300x62.jpg 300w, https:\/\/www.le-tivano.com\/wp-content\/uploads\/2020\/03\/bandeau_carte_menu-alma-768x158.jpg 768w\" sizes=\"(max-width: 800px) 100vw, 800px\" \/><\/p>\n<p>&nbsp;<\/p>\n<p class=\"text14\"><strong>Ap\u00e9ritif<\/strong> (forfait pendant 1 heure)<strong> :<\/strong><\/p>\n<ul>\n<li class=\"text14\">Kir cassis p\u00e9tillant, Whisky, Gin, Vodka<\/li>\n<li class=\"text14\">6 Canap\u00e9s froids par personne<\/li>\n<\/ul>\n<p class=\"text14\"><strong>Entr\u00e9e :<\/strong><\/p>\n<ul>\n<li class=\"text14\">Filet de bar sauce vierge<\/li>\n<li class=\"text14\">Foie gras maison, chutney de figue accompagn\u00e9 de son toast ti\u00e8de<\/li>\n<li class=\"text14\">Salade Mistral en Seine <span class=\"text12\"><em>(mesclun \u0153uf poch\u00e9, saumon fum\u00e9, saumon marin\u00e9, julienne de carottes et betteraves au vinaigre de framboise)<\/em> <\/span><\/li>\n<li class=\"text14\">Marmite de trilogie de poissons du march\u00e9<\/li>\n<\/ul>\n<p class=\"text14\"><strong>Plat<\/strong> <strong>:<\/strong><\/p>\n<ul>\n<li class=\"text14\">Carr\u00e9 de veau po\u00eal\u00e9, pommes Paillasson, tulipe de champignons<\/li>\n<li class=\"text14\">Pav\u00e9 de b\u0153uf <em>(faux filet)<\/em> \u00e0 la P\u00e9rigourdine, gratin de pommes de terre et sa po\u00eal\u00e9e d\u2019haricots verts<\/li>\n<li class=\"text14\">Supr\u00eame de pintade sauce Vall\u00e9e d\u2019Auge, riz pilaf et tian de courgette<\/li>\n<li class=\"text14\">Filet de rouget, concass\u00e9 de tomate au basilic, pommes vapeur et spaghetti de courgette<\/li>\n<\/ul>\n<p class=\"text14\"><strong>Fromage :<\/strong><\/p>\n<ul>\n<li class=\"text14\">Salade mara\u00eech\u00e8re et son duo de fromage Normand<\/li>\n<\/ul>\n<p class=\"text14\"><strong>Dessert :<\/strong><\/p>\n<ul>\n<li class=\"text14\">Tarte Tatin et sa glace vanille<\/li>\n<li class=\"text14\">Moelleux chocolat framboise, sorbet fruits rouges<\/li>\n<li class=\"text14\">Nougat de Mont\u00e9limar et abricot, coulis de fruits rouges<\/li>\n<li class=\"text14\">Op\u00e9ra et sa brochette de fruits frais<\/li>\n<\/ul>\n<p class=\"text14\"><strong>Boissons et pain :<\/strong><\/p>\n<ul>\n<li class=\"text14\">Petit pain et baguette<\/li>\n<li class=\"text14\">Caf\u00e9<\/li>\n<li class=\"text14\">Boissons (<a href=\"http:\/\/www.le-tivano.com\/index.php\/la-carte\/notre-cave\/\">voir la carte des vins<\/a>)<\/li>\n<\/ul>\n<p>&nbsp;<\/p>\n<p class=\"text12\" align=\"left\"><strong>voir le 5 autres menus :<\/strong> <a href=\"http:\/\/www.le-tivano.com\/index.php\/la-carte\/les-menus\/menu-alexandre-iii\/\">Menu Alexandre III <\/a>\u00a0&#8211; \u00a0<a href=\"http:\/\/www.le-tivano.com\/index.php\/la-carte\/les-menus\/menu-carrousel\/\">Menu Carrousel<\/a> &#8211; <a href=\"http:\/\/www.le-tivano.com\/index.php\/la-carte\/les-menus\/menu-mirabeau\/\">Menu Mirabeau<\/a> &#8211; <a href=\"http:\/\/www.le-tivano.com\/index.php\/la-carte\/les-menus\/menu-pont-neuf\/\">Menu Pont Neuf<\/a> &#8211; <a href=\"http:\/\/www.le-tivano.com\/index.php\/la-carte\/les-menus\/menu-royal\/\">Menu Royal<\/a><\/p>\n","protected":false},"excerpt":{"rendered":"<p>[metaslider id=86] &nbsp; Bateau de croisi\u00e8re LE TIVANO&#8230; la carte : le menu Alma Prix : nous consulter Un s\u00e9minaire \u00e0 organiser ? Une journ\u00e9e d&rsquo;entreprise ? Un mariage en [&hellip;]<\/p>\n","protected":false},"author":1,"featured_media":0,"parent":45,"menu_order":0,"comment_status":"closed","ping_status":"closed","template":"","meta":[],"_links":{"self":[{"href":"https:\/\/www.le-tivano.com\/index.php\/wp-json\/wp\/v2\/pages\/341"}],"collection":[{"href":"https:\/\/www.le-tivano.com\/index.php\/wp-json\/wp\/v2\/pages"}],"about":[{"href":"https:\/\/www.le-tivano.com\/index.php\/wp-json\/wp\/v2\/types\/page"}],"author":[{"embeddable":true,"href":"https:\/\/www.le-tivano.com\/index.php\/wp-json\/wp\/v2\/users\/1"}],"replies":[{"embeddable":true,"href":"https:\/\/www.le-tivano.com\/index.php\/wp-json\/wp\/v2\/comments?post=341"}],"version-history":[{"count":6,"href":"https:\/\/www.le-tivano.com\/index.php\/wp-json\/wp\/v2\/pages\/341\/revisions"}],"predecessor-version":[{"id":491,"href":"https:\/\/www.le-tivano.com\/index.php\/wp-json\/wp\/v2\/pages\/341\/revisions\/491"}],"up":[{"embeddable":true,"href":"https:\/\/www.le-tivano.com\/index.php\/wp-json\/wp\/v2\/pages\/45"}],"wp:attachment":[{"href":"https:\/\/www.le-tivano.com\/index.php\/wp-json\/wp\/v2\/media?parent=341"}],"curies":[{"name":"wp","href":"https:\/\/api.w.org\/{rel}","templated":true}]}}