{"id":337,"date":"2020-03-13T01:33:54","date_gmt":"2020-03-13T00:33:54","guid":{"rendered":"http:\/\/www.le-tivano.com\/?page_id=337"},"modified":"2020-03-15T05:50:18","modified_gmt":"2020-03-15T04:50:18","slug":"menu-royal","status":"publish","type":"page","link":"https:\/\/www.le-tivano.com\/index.php\/la-carte\/les-menus\/menu-royal\/","title":{"rendered":"Menu Royal"},"content":{"rendered":"<p>[metaslider id=86]<\/p>\n<p>&nbsp;<\/p>\n<h4 class=\"titre24\">Bateau de croisi\u00e8re LE TIVANO&#8230; la carte : le menu Royal<\/h4>\n<p class=\"text14\">Prix : nous consulter<\/p>\n<p class=\"text14\">Un s\u00e9minaire \u00e0 organiser ? Une journ\u00e9e d&rsquo;entreprise ? Un mariage en pr\u00e9paration ?<\/p>\n<p>&nbsp;<\/p>\n<p><img loading=\"lazy\" class=\"alignnone size-full wp-image-329\" src=\"http:\/\/www.le-tivano.com\/wp-content\/uploads\/2020\/03\/bandeau_carte_menu-royal.jpg\" alt=\"\" width=\"800\" height=\"165\" srcset=\"https:\/\/www.le-tivano.com\/wp-content\/uploads\/2020\/03\/bandeau_carte_menu-royal.jpg 800w, https:\/\/www.le-tivano.com\/wp-content\/uploads\/2020\/03\/bandeau_carte_menu-royal-300x62.jpg 300w, https:\/\/www.le-tivano.com\/wp-content\/uploads\/2020\/03\/bandeau_carte_menu-royal-768x158.jpg 768w\" sizes=\"(max-width: 800px) 100vw, 800px\" \/><\/p>\n<p>&nbsp;<\/p>\n<p class=\"text14\"><strong>Ap\u00e9ritif<\/strong> (forfait pendant 1 heure)<strong> :<\/strong><\/p>\n<ul>\n<li class=\"text14\">Kir cassis p\u00e9tillant, Whisky, Gin, Vodka<\/li>\n<li class=\"text14\">6 Canap\u00e9s froids avec 1 animation au choix\n<ul>\n<li>Cappuccino de pintade \u00e0 la truffe<\/li>\n<li>Gambas po\u00eal\u00e9es \u00e0 la coco et son espumas de curry<\/li>\n<li>Saumon marin\u00e9 aux herbes, pommes de terre \u00e0 l\u2019huile au hareng, cr\u00e8me \u00e9paisse &amp; citron<\/li>\n<\/ul>\n<\/li>\n<\/ul>\n<p class=\"text14\"><strong>Entr\u00e9e :<\/strong><\/p>\n<ul>\n<li class=\"text14\">Terrine de queue de b\u0153uf au foie gras, confiture d\u2019oignon, pain de campagne grill\u00e9<\/li>\n<li class=\"text14\">Verrine guacamole, saumon fum\u00e9 et roquette<\/li>\n<li class=\"text14\">Feuillet\u00e9 de p\u00e9toncles sur coussin de petits l\u00e9gumes<\/li>\n<li class=\"text14\">D\u00f4me de saumon fum\u00e9 aux deux coulis<\/li>\n<\/ul>\n<p class=\"text14\"><strong>Plat<\/strong> <strong>:<\/strong><\/p>\n<ul>\n<li class=\"text14\">Cuisse de canard Confit et pommes Sarladaise<\/li>\n<li class=\"text14\">Pav\u00e9 de merlu, coulis de crustac\u00e9s et riz aux petits l\u00e9gumes<\/li>\n<li class=\"text14\">Supr\u00eame de poulet sauce foie gras et ses pommes de terre boulang\u00e8res<\/li>\n<li class=\"text14\">Filet mignon de porc graine de moutarde de Meaux, gratin de pommes de terre et ratatouille<\/li>\n<\/ul>\n<p class=\"text14\"><strong>Fromage :<\/strong><\/p>\n<ul>\n<li class=\"text14\">Salade mara\u00eech\u00e8re et son Brie<\/li>\n<\/ul>\n<p class=\"text14\"><strong>Dessert :<\/strong><\/p>\n<ul>\n<li class=\"text14\">Tarte au chocolat et sa boule de glace vanille<\/li>\n<li class=\"text14\">Verrine g\u00e9ante tiramisu aux sp\u00e9culoos<\/li>\n<li class=\"text14\">Cr\u00e8me br\u00fbl\u00e9e \u00e0 la pistache<\/li>\n<li class=\"text14\">Triptyque du Mistral<em> (tentation croquante, cr\u00e8me br\u00fbl\u00e9e pralin\u00e9 et verrine de salade de fruits)<\/em><\/li>\n<\/ul>\n<p class=\"text14\"><strong>Boissons et pain :<\/strong><\/p>\n<ul>\n<li class=\"text14\">Petit pain et baguette<\/li>\n<li class=\"text14\">Caf\u00e9<\/li>\n<li class=\"text14\">Boissons (<a href=\"http:\/\/www.le-tivano.com\/index.php\/la-carte\/notre-cave\/\">voir la carte des vins<\/a>)<\/li>\n<\/ul>\n<p>&nbsp;<\/p>\n<p class=\"text12\" align=\"left\"><strong>voir le 5 autres menus :<\/strong> <a href=\"http:\/\/www.le-tivano.com\/index.php\/la-carte\/les-menus\/menu-alexandre-iii\/\">Menu Alexandre III<\/a> &#8211; <a href=\"http:\/\/www.le-tivano.com\/index.php\/la-carte\/les-menus\/menu-alma\/\">Menu Alma<\/a> &#8211; <a href=\"http:\/\/www.le-tivano.com\/index.php\/la-carte\/les-menus\/menu-carrousel\/\">Menu Carrousel<\/a> &#8211; <a href=\"http:\/\/www.le-tivano.com\/index.php\/la-carte\/les-menus\/menu-mirabeau\/\">Menu Mirabeau<\/a> &#8211; <a href=\"http:\/\/www.le-tivano.com\/index.php\/la-carte\/les-menus\/menu-pont-neuf\/\">Menu Pont Neuf<\/a><\/p>\n","protected":false},"excerpt":{"rendered":"<p>[metaslider id=86] &nbsp; Bateau de croisi\u00e8re LE TIVANO&#8230; la carte : le menu Royal Prix : nous consulter Un s\u00e9minaire \u00e0 organiser ? Une journ\u00e9e d&rsquo;entreprise ? Un mariage en [&hellip;]<\/p>\n","protected":false},"author":1,"featured_media":0,"parent":45,"menu_order":0,"comment_status":"closed","ping_status":"closed","template":"","meta":[],"_links":{"self":[{"href":"https:\/\/www.le-tivano.com\/index.php\/wp-json\/wp\/v2\/pages\/337"}],"collection":[{"href":"https:\/\/www.le-tivano.com\/index.php\/wp-json\/wp\/v2\/pages"}],"about":[{"href":"https:\/\/www.le-tivano.com\/index.php\/wp-json\/wp\/v2\/types\/page"}],"author":[{"embeddable":true,"href":"https:\/\/www.le-tivano.com\/index.php\/wp-json\/wp\/v2\/users\/1"}],"replies":[{"embeddable":true,"href":"https:\/\/www.le-tivano.com\/index.php\/wp-json\/wp\/v2\/comments?post=337"}],"version-history":[{"count":5,"href":"https:\/\/www.le-tivano.com\/index.php\/wp-json\/wp\/v2\/pages\/337\/revisions"}],"predecessor-version":[{"id":494,"href":"https:\/\/www.le-tivano.com\/index.php\/wp-json\/wp\/v2\/pages\/337\/revisions\/494"}],"up":[{"embeddable":true,"href":"https:\/\/www.le-tivano.com\/index.php\/wp-json\/wp\/v2\/pages\/45"}],"wp:attachment":[{"href":"https:\/\/www.le-tivano.com\/index.php\/wp-json\/wp\/v2\/media?parent=337"}],"curies":[{"name":"wp","href":"https:\/\/api.w.org\/{rel}","templated":true}]}}