{"id":303,"date":"2020-03-13T01:12:29","date_gmt":"2020-03-13T00:12:29","guid":{"rendered":"http:\/\/www.le-tivano.com\/?page_id=303"},"modified":"2023-01-03T23:57:30","modified_gmt":"2023-01-03T22:57:30","slug":"options","status":"publish","type":"page","link":"https:\/\/www.le-tivano.com\/index.php\/la-carte\/options\/","title":{"rendered":"Les options"},"content":{"rendered":"<p>&nbsp;<\/p>\n<h4 class=\"titre24\">Bateau de croisi\u00e8re LE TIVANO&#8230; la carte : les options<\/h4>\n<p class=\"text14\">Prix : nous consulter<\/p>\n<p class=\"text14\">Un s\u00e9minaire \u00e0 organiser ? Une journ\u00e9e d&rsquo;entreprise ? Un mariage en pr\u00e9paration ?<\/p>\n<p>&nbsp;<\/p>\n<p class=\"text14\"><strong>Animations :<\/strong><\/p>\n<ul>\n<li class=\"text14\">Tartare de Saumon et ses Toasts<\/li>\n<li class=\"text14\">Blinis au Saumon Fum\u00e9 et sa Cr\u00e8me Ciboulette<\/li>\n<li class=\"text14\">Cappuccino de Volaille \u00e0 la Truffe<\/li>\n<li class=\"text14\">Gambas \u00e0 la noix de Coco et son espumas de Curry<\/li>\n<li class=\"text14\">Po\u00eal\u00e9e de P\u00e9toncles et son espumas de Langoustine<\/li>\n<li class=\"text14\">Barbe \u00e0 Papa au Foie Gras<\/li>\n<li class=\"text14\">Risotto \u00e0 la Saint Jacques<\/li>\n<li class=\"text14\">Terrine de Foie Gras sur Pain de Campagne et sa Marmelade de Figues<\/li>\n<li class=\"text14\">Travers de Porc Tex Mex<\/li>\n<li class=\"text14\">Foie Gras Po\u00eal\u00e9 et sa Sauce Framboise<\/li>\n<li class=\"text14\">Noix de Saint Jacques au Naturel (selon la Saison)<\/li>\n<li class=\"text14\">Mignon de Porc \u00e0 la Cr\u00e9ole<\/li>\n<li class=\"text14\">Noix de P\u00e9toncles marin\u00e9es aux parfums Proven\u00e7aux<\/li>\n<li class=\"text14\">Filet de Caille Po\u00eal\u00e9 au Miel d\u2019Acacia.<\/li>\n<\/ul>\n<p class=\"text14\">\n<p class=\"text14\"><strong>Buffet Campagnard : <\/strong><\/p>\n<ul>\n<li class=\"text14\">Saucisson Sec et Frais<\/li>\n<li class=\"text14\">Salami<\/li>\n<li class=\"text14\">Andouille<\/li>\n<li class=\"text14\">Rillettes<\/li>\n<\/ul>\n<p class=\"text14\">\n<p class=\"text14\"><strong> Pi\u00e8ce mont\u00e9e en Macarons<\/strong><\/p>\n<ul>\n<li class=\"text14\">3 macarons par personne<\/li>\n<\/ul>\n<p>&nbsp;<\/p>\n","protected":false},"excerpt":{"rendered":"<p>&nbsp; Bateau de croisi\u00e8re LE TIVANO&#8230; la carte : les options Prix : nous consulter Un s\u00e9minaire \u00e0 organiser ? Une journ\u00e9e d&rsquo;entreprise ? Un mariage en pr\u00e9paration ? &nbsp; [&hellip;]<\/p>\n","protected":false},"author":1,"featured_media":570,"parent":41,"menu_order":0,"comment_status":"closed","ping_status":"closed","template":"","meta":[],"_links":{"self":[{"href":"https:\/\/www.le-tivano.com\/index.php\/wp-json\/wp\/v2\/pages\/303"}],"collection":[{"href":"https:\/\/www.le-tivano.com\/index.php\/wp-json\/wp\/v2\/pages"}],"about":[{"href":"https:\/\/www.le-tivano.com\/index.php\/wp-json\/wp\/v2\/types\/page"}],"author":[{"embeddable":true,"href":"https:\/\/www.le-tivano.com\/index.php\/wp-json\/wp\/v2\/users\/1"}],"replies":[{"embeddable":true,"href":"https:\/\/www.le-tivano.com\/index.php\/wp-json\/wp\/v2\/comments?post=303"}],"version-history":[{"count":4,"href":"https:\/\/www.le-tivano.com\/index.php\/wp-json\/wp\/v2\/pages\/303\/revisions"}],"predecessor-version":[{"id":574,"href":"https:\/\/www.le-tivano.com\/index.php\/wp-json\/wp\/v2\/pages\/303\/revisions\/574"}],"up":[{"embeddable":true,"href":"https:\/\/www.le-tivano.com\/index.php\/wp-json\/wp\/v2\/pages\/41"}],"wp:featuredmedia":[{"embeddable":true,"href":"https:\/\/www.le-tivano.com\/index.php\/wp-json\/wp\/v2\/media\/570"}],"wp:attachment":[{"href":"https:\/\/www.le-tivano.com\/index.php\/wp-json\/wp\/v2\/media?parent=303"}],"curies":[{"name":"wp","href":"https:\/\/api.w.org\/{rel}","templated":true}]}}