{"id":277,"date":"2020-03-12T19:37:48","date_gmt":"2020-03-12T18:37:48","guid":{"rendered":"http:\/\/www.le-tivano.com\/?page_id=277"},"modified":"2023-01-03T23:35:55","modified_gmt":"2023-01-03T22:35:55","slug":"conditions-generales-de-vente","status":"publish","type":"page","link":"https:\/\/www.le-tivano.com\/index.php\/conditions-generales-de-vente\/","title":{"rendered":"Conditions g\u00e9n\u00e9rales de vente"},"content":{"rendered":"<p>&nbsp;<\/p>\n<h4>Bateau de croisi\u00e8re LE TIVANO&#8230; Conditions g\u00e9n\u00e9rales de vente<\/h4>\n<p>&nbsp;<\/p>\n<p class=\"text14\"><strong>1 &#8211; DISPOSITIONS GENERALES <\/strong><\/p>\n<p class=\"text14\">Le d\u00e9roulement des croisi\u00e8res r\u00e9serv\u00e9es aux groupes est soumis aux dispositions des pr\u00e9sentes conditions g\u00e9n\u00e9rales ainsi qu\u2019aux dispositions contenues dans le r\u00e8glement sur nos bateaux.<br \/>\nLa compagnie d\u00e9cline toute responsabilit\u00e9 sur les cons\u00e9quences dues \u00e0 l\u2019inobservation des pr\u00e9sentes et du r\u00e8glement susvis\u00e9, sans pr\u00e9judice des dommages et int\u00e9r\u00eats qu\u2019elle pourra demander en raison du pr\u00e9judice qu\u2019elle aura subi du fait de cette inobservation.<\/p>\n<p class=\"text14\"><strong>2 &#8211; RESERVATION<\/strong><\/p>\n<p class=\"text14\">A\/ OPTION \u2013 l\u2019option se d\u00e9finit par l\u2019envoi d\u2019un contrat. Elle n\u2019est valable que pour une dur\u00e9e maximale de 15 JOURS et ne devient r\u00e9servation que lorsqu\u2019il y a eu un versement d\u2019acompte. Notre compagnie se r\u00e9serve le droit dans le cas ou l\u2019acompte n\u2019aurait pas \u00e9t\u00e9 vers\u00e9 \u00e0 la date pr\u00e9vue au contrat de disposer du bateau pour un autre client. En cas de demande sur une m\u00eame date l\u2019armateur propose d\u2019autres dates mais s\u2019il n\u2019y a pas d\u2019autres possibilit\u00e9s, premier qui confirme \u00e0 la r\u00e9servation.<\/p>\n<p class=\"text14\">B\/ NOMBRE DE PASSAGERS\u00a0: Le nombre maximum de passagers accept\u00e9\u00a0\u00e0 bord est indiqu\u00e9 sur la r\u00e9servation. Pour des raisons de s\u00e9curit\u00e9, le nombre de places fix\u00e9 sera strictement respect\u00e9.<\/p>\n<p>&nbsp;<\/p>\n<p class=\"text14\"><strong>3 &#8211; REGLEMENT<\/strong><\/p>\n<p class=\"text14\">Sauf conditions particuli\u00e8res accept\u00e9es par la compagnie, le r\u00e8glement du prix de la croisi\u00e8re sera effectu\u00e9 comme suit\u00a0:<br \/>\nVersement \u00e0 titre d\u2019acompte d\u2019une somme \u00e9gale \u00e0 50% du montant de la prestation au plus tard le jour de l\u2019option donn\u00e9e sur la confirmation par la compagnie. A d\u00e9faut de quoi, cette r\u00e9servation sera consid\u00e9r\u00e9e comme nulle.<br \/>\nVersement du solde avant embarquement aupr\u00e8s du responsable de la compagnie.<br \/>\nTout retard de paiement entrainera de plein droit la r\u00e9siliation du contrat.<br \/>\nLes tarifs et conditions\u00a0 fix\u00e9s, aucune modification ne pourra \u00eatre n\u00e9goci\u00e9e \u00e0 bord.<\/p>\n<p class=\"text14\"><strong><u>ANNULATION \/ MODIFICATION<\/u><\/strong><\/p>\n<p class=\"text14\">DU FAIT DU CLIENT\u00a0:<\/p>\n<p class=\"text14\">En cas d\u2019annulation, le prix de la croisi\u00e8re restera d\u00fb dans les proportions ci-apr\u00e8s\u00a0:<\/p>\n<ul>\n<li class=\"text14\">Annulation intervenue plus de 60 jours avant la date pr\u00e9vue= 10% du prix de la prestation sera conserv\u00e9<\/li>\n<li class=\"text14\">Annulation intervenue entre 30 \u00e0 60 jours avant la date pr\u00e9vue =50% du prix de la prestation sera conserv\u00e9<\/li>\n<li class=\"text14\">Annulation intervenue entre 8 et 30\u00a0 jours avant la date pr\u00e9vue =75% du prix de la prestation sera conserv\u00e9<\/li>\n<li class=\"text14\">Annulation intervenue moins de 8 jours avant la date pr\u00e9vue= l\u2019int\u00e9gralit\u00e9 du prix de la prestation sera due par le client.<\/li>\n<\/ul>\n<p class=\"text14\">Aucune somme ne sera due par le client si l\u2019annulation est motiv\u00e9e par force majeur. En ce cas la compagnie restituera l\u2019int\u00e9gralit\u00e9 des sommes vers\u00e9es sous r\u00e9serve d\u2019imputer les dites sommes, avec accord du client \u00e0 titre d\u2019acompte sur une nouvelle r\u00e9servation.<\/p>\n<p class=\"text14\">DU FAIT DE LA COMPAGNIE\u00a0:<\/p>\n<p class=\"text14\">Les croisi\u00e8res \u00e9tant soumises aux r\u00e8gles fluviales, notre compagnie se r\u00e9serve le droit d\u2019appr\u00e9cier le caract\u00e8re navigable ou non du fleuve ou de la voie d\u2019eau. Les croisi\u00e8res pourront \u00eatre annul\u00e9es ou modifi\u00e9es \u00e0 tout moment \u00e0 compter de la r\u00e9servation y compris le jour du d\u00e9part en application des r\u00e8gles susvis\u00e9es suivant l\u2019avis \u00e0 la batellerie. Il en sera de m\u00eame en cas d\u2019intemp\u00e9ries de nature \u00e0 mettre en danger la s\u00e9curit\u00e9 des personnes transport\u00e9es.<br \/>\nEn cas de panne du bateau, La compagnie proposera une date ult\u00e9rieure pour effectuer la prestation.<br \/>\nEn cas d\u2019annulation, la compagnie s\u2019engage avec l\u2019accord pr\u00e9alable du client soit \u00e0 imputer les sommes vers\u00e9es \u00e0 titre d\u2019acompte sur une r\u00e9servation ult\u00e9rieure soit \u00e0 rembourser purement et simplement lesdites sommes.<\/p>\n<p class=\"text14\"><strong>4 &#8211; REGLEMENT DE LA CROISIERE<\/strong><\/p>\n<p class=\"text14\">DEROULEMENT\u00a0:<\/p>\n<p class=\"text14\">La compagnie fera tout ce qui est son pouvoir pour assurer le d\u00e9roulement de la croisi\u00e8re dans les conditions pr\u00e9vues sur le contrat de r\u00e9servation. En aucun cas la compagnie, et pourra \u00eatre tenue d\u2019une quelconque indemnit\u00e9 cas de modification de la croisi\u00e8re ou\u00a0 des horaires dus aux crues, brouillard, orages, pannes d\u2019\u00e9cluse, avaries pannes m\u00e9caniques\u2026\u2026\u2026\u2026.<\/p>\n<p class=\"text14\">OBLIGATION DES PASSAGERS\u00a0:<\/p>\n<p class=\"text14\">A compter du moment o\u00f9 il est invit\u00e9 \u00e0 embarquer, chaque passager doit se conformer strictement et imm\u00e9diatement aux instructions donn\u00e9es par le personnel du bateau. En outre il est tenu de respecter les dispositions du r\u00e8glement affich\u00e9 sur le bateau, de veiller \u00e0 sa propre s\u00e9curit\u00e9 et \u00e0 celle des personnes dont il la garde, notamment des enfants de moins de 18 ans .<\/p>\n","protected":false},"excerpt":{"rendered":"<p>&nbsp; Bateau de croisi\u00e8re LE TIVANO&#8230; Conditions g\u00e9n\u00e9rales de vente &nbsp; 1 &#8211; DISPOSITIONS GENERALES Le d\u00e9roulement des croisi\u00e8res r\u00e9serv\u00e9es aux groupes est soumis aux dispositions des pr\u00e9sentes conditions g\u00e9n\u00e9rales [&hellip;]<\/p>\n","protected":false},"author":1,"featured_media":0,"parent":0,"menu_order":0,"comment_status":"closed","ping_status":"closed","template":"","meta":[],"_links":{"self":[{"href":"https:\/\/www.le-tivano.com\/index.php\/wp-json\/wp\/v2\/pages\/277"}],"collection":[{"href":"https:\/\/www.le-tivano.com\/index.php\/wp-json\/wp\/v2\/pages"}],"about":[{"href":"https:\/\/www.le-tivano.com\/index.php\/wp-json\/wp\/v2\/types\/page"}],"author":[{"embeddable":true,"href":"https:\/\/www.le-tivano.com\/index.php\/wp-json\/wp\/v2\/users\/1"}],"replies":[{"embeddable":true,"href":"https:\/\/www.le-tivano.com\/index.php\/wp-json\/wp\/v2\/comments?post=277"}],"version-history":[{"count":5,"href":"https:\/\/www.le-tivano.com\/index.php\/wp-json\/wp\/v2\/pages\/277\/revisions"}],"predecessor-version":[{"id":556,"href":"https:\/\/www.le-tivano.com\/index.php\/wp-json\/wp\/v2\/pages\/277\/revisions\/556"}],"wp:attachment":[{"href":"https:\/\/www.le-tivano.com\/index.php\/wp-json\/wp\/v2\/media?parent=277"}],"curies":[{"name":"wp","href":"https:\/\/api.w.org\/{rel}","templated":true}]}}