{"id":15,"date":"2019-12-27T16:11:18","date_gmt":"2019-12-27T15:11:18","guid":{"rendered":"http:\/\/www.le-tivano.com\/?page_id=15"},"modified":"2023-01-03T23:36:24","modified_gmt":"2023-01-03T22:36:24","slug":"ecluses","status":"publish","type":"page","link":"https:\/\/www.le-tivano.com\/index.php\/ecluses\/","title":{"rendered":"ECLUSES"},"content":{"rendered":"<p>&nbsp;<\/p>\n<h4>Bateau de croisi\u00e8re LE TIVANO&#8230; au fil de l&rsquo;eau, sur la Seine<\/h4>\n<p>&nbsp;<br \/>\nLe temps d&rsquo;une croisi\u00e8re, venez appr\u00e9cier de magnifiques paysages le long de la Seine, et d\u00e9couvrir le patrimoine hydraulique avec les passages d\u2019\u00e9cluse d&rsquo;Andresy, de Bougival, de Chatou, de M\u00e9ricourt et de Suresnes.<\/p>\n<p>&nbsp;<br \/>\n\n<table id=\"tablepress-6\" class=\"tablepress tablepress-id-6\">\n<tbody>\n<tr class=\"row-1\">\n\t<td class=\"column-1\"><img src=\"http:\/\/www.le-tivano.com\/wp-content\/uploads\/2020\/01\/ecluse_andresy.jpg\" alt=\"\" width=\"150\" height=\"100\" class=\"alignnone size-full wp-image-161\" \/><\/td><td class=\"column-2\">\u00c9cluse d\u2019Andr\u00e9sy (78)<br \/>\n<br \/>\nL\u2019\u00e9cluse et le barrage d\u2019Andr\u00e9sy permettent de rejoindre Poissy.<\/td><td class=\"column-3\"><img src=\"http:\/\/www.le-tivano.com\/wp-content\/uploads\/2020\/01\/ecluse_bougival.jpg\" alt=\"\" width=\"150\" height=\"100\" class=\"alignnone size-full wp-image-163\" \/><\/td><td class=\"column-4\">\u00c9cluse de Bougival (78) Bras de Marly<\/td>\n<\/tr>\n<tr class=\"row-2\">\n\t<td class=\"column-1\"><img src=\"http:\/\/www.le-tivano.com\/wp-content\/uploads\/2020\/01\/ecluse_chatou.jpg\" alt=\"\" width=\"150\" height=\"100\" class=\"alignnone size-full wp-image-164\" \/><\/td><td class=\"column-2\">\u00c9cluse de Chatou (78) Bras de la Rivi\u00e8re Neuve<br \/>\n<br \/>\nApr\u00e8s avoir d\u00e9pass\u00e9 en rive gauche le port commercial<br \/>\nde Gennevilliers, on arrive sur l\u2019\u00e9cluse de Chatou.<\/td><td class=\"column-3\"><img src=\"http:\/\/www.le-tivano.com\/wp-content\/uploads\/2020\/01\/ecluse_mericourt.jpg\" alt=\"\" width=\"150\" height=\"100\" class=\"alignnone size-full wp-image-165\" \/><\/td><td class=\"column-4\">\u00c9cluse de M\u00e9ricourt (78)<\/td>\n<\/tr>\n<tr class=\"row-3\">\n\t<td class=\"column-1\"><img src=\"http:\/\/www.le-tivano.com\/wp-content\/uploads\/2020\/01\/ecluse_suresnes.jpg\" alt=\"\" width=\"150\" height=\"100\" class=\"alignnone size-full wp-image-166\" \/><\/td><td class=\"column-2\">\u00c9cluses de Suresnes (92)<br \/>\n<br \/>\nDe S\u00e8vres \u00e0 Chatou, vous passez les \u00e9cluses<br \/>\nde Suresnes et le barrage qui maintient le<br \/>\nniveau d\u2019eau de la Seine dans Paris.<\/td><td class=\"column-3\"><\/td><td class=\"column-4\"><\/td>\n<\/tr>\n<\/tbody>\n<\/table>\n<!-- #tablepress-6 from cache --><\/p>\n<p>&nbsp;<\/p>\n<h4>Bateau de croisi\u00e8re LE TIVANO&#8230; au fil de l&rsquo;eau, sur l&rsquo;Oise<\/h4>\n<p>&nbsp;<\/p>\n<p>Le temps d&rsquo;une croisi\u00e8re, venez appr\u00e9cier de magnifiques paysages le long de l&rsquo;Oise, et d\u00e9couvrir le patrimoine hydraulique avec les passages d\u2019\u00e9cluse \u00e0 L\u2019Isle-Adam, \u00e0 Pontoise ou \u00e0 Creil.<\/p>\n<p>&nbsp;<br \/>\n\n<table id=\"tablepress-7\" class=\"tablepress tablepress-id-7\">\n<tbody>\n<tr class=\"row-1\">\n\t<td class=\"column-1\"><img src=\"http:\/\/www.le-tivano.com\/wp-content\/uploads\/2020\/01\/ecluse_isle-adam.jpg\" alt=\"\" width=\"150\" height=\"100\" class=\"alignnone size-full wp-image-172\" \/><\/td><td class=\"column-2\">L'\u00e9cluse de l'Isle-Adam (95)<br \/>\n<br \/>\nAu niveau de l'\u00eele de la D\u00e9rivation se trouvent une<br \/>\n\u00e9cluse et un barrage. Ce dernier est actuellement<br \/>\nen reconstruction compl\u00e8te par les Voies navigables<br \/>\nde France. <br \/>\n<\/td><td class=\"column-3\"><img src=\"http:\/\/www.le-tivano.com\/wp-content\/uploads\/2020\/01\/ecluse_pontoise.jpg\" alt=\"\" width=\"150\" height=\"100\" class=\"alignnone size-full wp-image-173\" \/><\/td><td class=\"column-4\">L'\u00e9cluse de Pontoise (95)<br \/>\n<br \/>\nL\u2019\u00e9cluse de Pontoise est la derni\u00e8re \u00e9cluse<br \/>\navant la confluence de l\u2019Oise et de la Seine<br \/>\n\u00e0 Conflans-Sainte-Honorine dans les Yvelines.<\/td>\n<\/tr>\n<tr class=\"row-2\">\n\t<td class=\"column-1\"><img src=\"http:\/\/www.le-tivano.com\/wp-content\/uploads\/2020\/01\/ecluse_creil.jpg\" alt=\"\" width=\"150\" height=\"100\" class=\"alignnone size-full wp-image-174\" \/><\/td><td class=\"column-2\">L'\u00e9cluse de Creil (60) <br \/>\n<br \/>\nL'\u00e9cluse de Creil est situ\u00e9e en r\u00e9alit\u00e9 sur<br \/>\nla commune de Saint-Leu-d'Esserent<br \/>\n<\/td><td class=\"column-3\"><\/td><td class=\"column-4\"><\/td>\n<\/tr>\n<\/tbody>\n<\/table>\n<!-- #tablepress-7 from cache --><\/p>\n","protected":false},"excerpt":{"rendered":"<p>&nbsp; Bateau de croisi\u00e8re LE TIVANO&#8230; au fil de l&rsquo;eau, sur la Seine &nbsp; Le temps d&rsquo;une croisi\u00e8re, venez appr\u00e9cier de magnifiques paysages le long de la Seine, et d\u00e9couvrir [&hellip;]<\/p>\n","protected":false},"author":1,"featured_media":0,"parent":0,"menu_order":0,"comment_status":"closed","ping_status":"closed","template":"","meta":[],"_links":{"self":[{"href":"https:\/\/www.le-tivano.com\/index.php\/wp-json\/wp\/v2\/pages\/15"}],"collection":[{"href":"https:\/\/www.le-tivano.com\/index.php\/wp-json\/wp\/v2\/pages"}],"about":[{"href":"https:\/\/www.le-tivano.com\/index.php\/wp-json\/wp\/v2\/types\/page"}],"author":[{"embeddable":true,"href":"https:\/\/www.le-tivano.com\/index.php\/wp-json\/wp\/v2\/users\/1"}],"replies":[{"embeddable":true,"href":"https:\/\/www.le-tivano.com\/index.php\/wp-json\/wp\/v2\/comments?post=15"}],"version-history":[{"count":10,"href":"https:\/\/www.le-tivano.com\/index.php\/wp-json\/wp\/v2\/pages\/15\/revisions"}],"predecessor-version":[{"id":558,"href":"https:\/\/www.le-tivano.com\/index.php\/wp-json\/wp\/v2\/pages\/15\/revisions\/558"}],"wp:attachment":[{"href":"https:\/\/www.le-tivano.com\/index.php\/wp-json\/wp\/v2\/media?parent=15"}],"curies":[{"name":"wp","href":"https:\/\/api.w.org\/{rel}","templated":true}]}}