{"id":11,"date":"2019-12-27T16:08:16","date_gmt":"2019-12-27T15:08:16","guid":{"rendered":"http:\/\/www.le-tivano.com\/?page_id=11"},"modified":"2025-10-19T19:05:43","modified_gmt":"2025-10-19T17:05:43","slug":"accueil","status":"publish","type":"page","link":"https:\/\/www.le-tivano.com\/","title":{"rendered":"ACCUEIL"},"content":{"rendered":"<p>&nbsp;<\/p>\n<h4 class=\"titre24\">Bateau de croisi\u00e8re LE TIVANO&#8230; Contactez-nous !<\/h4>\n<blockquote><p>\n<marquee scrollamount=\"8\"><\/p>\n<div align=\"center\"><strong><font color=\"#990000\"><\/p>\n<h4>Pour toute demande d&rsquo;information et\/ou obtenir un devis, compl\u00e9tez le <a href=\"http:\/\/www.le-tivano.com\/index.php\/contact\/\">formulaire contact en cliquant ici<\/a> !<\/h4>\n<p><\/font><\/strong><\/div>\n<p><\/marquee>\n<\/p><\/blockquote>\n<p>&nbsp;<\/p>\n<h4 class=\"titre24\"><\/h4>\n<p>&nbsp;<\/p>\n<p>&nbsp;<\/p>\n<h4>Prenez le large en embarquant \u00e0 bord du prestigieux bateau \u00a0\u00bb LE TIVANO \u00ab\u00a0.<\/h4>\n<p><a href=\"http:\/\/www.le-tivano.com\/index.php\/prestations\/\"><img loading=\"lazy\" class=\"aligncenter size-full wp-image-286\" src=\"http:\/\/www.le-tivano.com\/wp-content\/uploads\/2020\/03\/soiree_cabaret.jpg\" alt=\"\" width=\"300\" height=\"375\" srcset=\"https:\/\/www.le-tivano.com\/wp-content\/uploads\/2020\/03\/soiree_cabaret.jpg 300w, https:\/\/www.le-tivano.com\/wp-content\/uploads\/2020\/03\/soiree_cabaret-240x300.jpg 240w\" sizes=\"(max-width: 300px) 100vw, 300px\" \/><\/a><\/p>\n<p><strong>Lieu insolite<\/strong> pour l&rsquo;organisation de vos \u00e9v\u00e9nements priv\u00e9s ou professionnels, le navire aura \u00e0 c\u0153ur de vous faire d\u00e9couvrir les plaisirs de la navigation <strong>sur la Seine et sur l&rsquo;Oise&#8230;<\/strong> tout en vous permettant de recevoir vos amis ou collaborateurs.<\/p>\n<h4>A quai ou en navigation, LE TIVANO peut accueillir :<\/h4>\n<ul>\n<li>Repas assis :150 personnes sur 2 niveaux<\/li>\n<li>Capacit\u00e9s d&rsquo;accueil pour une croisi\u00e8re priv\u00e9e :\n<ul>\n<li>Buffet : 100 personnes<\/li>\n<li class=\"li\">Cocktail : 250 personnes<\/li>\n<li class=\"li\">Conf\u00e9rence : 120 personnes<\/li>\n<li class=\"li\">S\u00e9minaire : 100 personnes<\/li>\n<li class=\"li\">Promenade : 250 personnes<\/li>\n<\/ul>\n<\/li>\n<\/ul>\n<h4>Le bateau de 35 m x 6m50 dispose de deux salles, d&rsquo;un pont terrasse ouvert et d&rsquo;un bar :<\/h4>\n<ul>\n<li>Pont sup\u00e9rieur : Salon vitr\u00e9 de 50 places assises &#8211; Terrasse abrit\u00e9e de 70 personnes &#8211; Pont Soleil de 70 personnes<\/li>\n<li>Pont inf\u00e9rieur : Salon vitr\u00e9 de 100 places assises &#8211; Pont Soleil arri\u00e8re de 30 personnes &#8211; Bar -Vestiaire<\/li>\n<\/ul>\n<h4>Autres commodit\u00e9s<\/h4>\n<ul>\n<li>Cuisine \u00e9quip\u00e9e enti\u00e8rement<\/li>\n<li>Toilettes : 2 pour femmes et 2 pour hommes<\/li>\n<li>Sonorisation : ampli + cd + micro sans fil<\/li>\n<li>Syst\u00e8me audiovisuel : \u00e9cran et vid\u00e9oprojecteur<\/li>\n<\/ul>\n","protected":false},"excerpt":{"rendered":"<p>&nbsp; Bateau de croisi\u00e8re LE TIVANO&#8230; Contactez-nous ! Pour toute demande d&rsquo;information et\/ou obtenir un devis, compl\u00e9tez le formulaire contact en cliquant ici ! &nbsp; &nbsp; &nbsp; Prenez le large [&hellip;]<\/p>\n","protected":false},"author":1,"featured_media":0,"parent":0,"menu_order":0,"comment_status":"closed","ping_status":"closed","template":"","meta":[],"_links":{"self":[{"href":"https:\/\/www.le-tivano.com\/index.php\/wp-json\/wp\/v2\/pages\/11"}],"collection":[{"href":"https:\/\/www.le-tivano.com\/index.php\/wp-json\/wp\/v2\/pages"}],"about":[{"href":"https:\/\/www.le-tivano.com\/index.php\/wp-json\/wp\/v2\/types\/page"}],"author":[{"embeddable":true,"href":"https:\/\/www.le-tivano.com\/index.php\/wp-json\/wp\/v2\/users\/1"}],"replies":[{"embeddable":true,"href":"https:\/\/www.le-tivano.com\/index.php\/wp-json\/wp\/v2\/comments?post=11"}],"version-history":[{"count":42,"href":"https:\/\/www.le-tivano.com\/index.php\/wp-json\/wp\/v2\/pages\/11\/revisions"}],"predecessor-version":[{"id":629,"href":"https:\/\/www.le-tivano.com\/index.php\/wp-json\/wp\/v2\/pages\/11\/revisions\/629"}],"wp:attachment":[{"href":"https:\/\/www.le-tivano.com\/index.php\/wp-json\/wp\/v2\/media?parent=11"}],"curies":[{"name":"wp","href":"https:\/\/api.w.org\/{rel}","templated":true}]}}